{"id":125,"date":"2011-10-10T16:04:42","date_gmt":"2011-10-10T20:04:42","guid":{"rendered":"https:\/\/blog.chouynard.ca\/?page_id=125"},"modified":"2012-04-05T10:03:45","modified_gmt":"2012-04-05T14:03:45","slug":"carnets-de-voyage","status":"publish","type":"page","link":"https:\/\/blog.chouynard.ca\/?page_id=125","title":{"rendered":"Carnets de voyage"},"content":{"rendered":"<p>Une avenue pour pr\u00e9senter des carnets pour des voyages effectu\u00e9es il y a plus ou moins longtemps. Commen\u00e7ons par quelques destinations visit\u00e9es r\u00e9cemment :<\/p>\n<ol>\n<li>Ottawa<\/li>\n<li>Port-au-Persil<\/li>\n<li>Gasp\u00e9<\/li>\n<li>Montr\u00e9al<\/li>\n<\/ol>\n<div id=\"attachment_41\" style=\"width: 310px\" class=\"wp-caption alignleft\"><a href=\"https:\/\/blog.chouynard.ca\/wp-content\/uploads\/2011\/09\/IMG_7530.jpg\"><img loading=\"lazy\" decoding=\"async\" aria-describedby=\"caption-attachment-41\" class=\"size-medium wp-image-41\" title=\"IMG_7530\" src=\"https:\/\/blog.chouynard.ca\/wp-content\/uploads\/2011\/09\/IMG_7530-300x225.jpg\" alt=\"\" width=\"300\" height=\"225\" srcset=\"https:\/\/blog.chouynard.ca\/wp-content\/uploads\/2011\/09\/IMG_7530-300x225.jpg 300w, https:\/\/blog.chouynard.ca\/wp-content\/uploads\/2011\/09\/IMG_7530-1024x768.jpg 1024w, https:\/\/blog.chouynard.ca\/wp-content\/uploads\/2011\/09\/IMG_7530.jpg 1300w\" sizes=\"auto, (max-width: 300px) 100vw, 300px\" \/><\/a><p id=\"caption-attachment-41\" class=\"wp-caption-text\">Ottawa; Mus\u00e9e des Beaux Arts du Canada<\/p><\/div>\n<p>&nbsp;<\/p>\n<p>&nbsp;<\/p>\n<p>&nbsp;<\/p>\n<p>&nbsp;<\/p>\n<p>&nbsp;<\/p>\n<p>&nbsp;<\/p>\n<p>&nbsp;<\/p>\n<p>Nous voyageons principalement par l&rsquo;image puisque la photographie fait partie des moyens privil\u00e9gi\u00e9s pour amener le visiteur avec nous. Voir les <a href=\"https:\/\/blog.chouynard.ca\/?page_id=181\">RESTRICTIONS<\/a>\u00a0d&rsquo;utilisation.<\/p>\n<p>&nbsp;<\/p>\n","protected":false},"excerpt":{"rendered":"<p>Une avenue pour pr\u00e9senter des carnets pour des voyages effectu\u00e9es il y a plus ou moins longtemps. Commen\u00e7ons par quelques destinations visit\u00e9es r\u00e9cemment : Ottawa Port-au-Persil Gasp\u00e9 Montr\u00e9al &nbsp; &nbsp; &nbsp; &nbsp; &nbsp; &nbsp; &nbsp; Nous voyageons principalement par l&rsquo;image &hellip; <a href=\"https:\/\/blog.chouynard.ca\/?page_id=125\">Continuer la lecture <span class=\"meta-nav\">&rarr;<\/span><\/a><\/p>\n","protected":false},"author":5,"featured_media":0,"parent":0,"menu_order":0,"comment_status":"open","ping_status":"open","template":"","meta":{"ngg_post_thumbnail":0,"footnotes":""},"class_list":["post-125","page","type-page","status-publish","hentry"],"_links":{"self":[{"href":"https:\/\/blog.chouynard.ca\/index.php?rest_route=\/wp\/v2\/pages\/125","targetHints":{"allow":["GET"]}}],"collection":[{"href":"https:\/\/blog.chouynard.ca\/index.php?rest_route=\/wp\/v2\/pages"}],"about":[{"href":"https:\/\/blog.chouynard.ca\/index.php?rest_route=\/wp\/v2\/types\/page"}],"author":[{"embeddable":true,"href":"https:\/\/blog.chouynard.ca\/index.php?rest_route=\/wp\/v2\/users\/5"}],"replies":[{"embeddable":true,"href":"https:\/\/blog.chouynard.ca\/index.php?rest_route=%2Fwp%2Fv2%2Fcomments&post=125"}],"version-history":[{"count":27,"href":"https:\/\/blog.chouynard.ca\/index.php?rest_route=\/wp\/v2\/pages\/125\/revisions"}],"predecessor-version":[{"id":207,"href":"https:\/\/blog.chouynard.ca\/index.php?rest_route=\/wp\/v2\/pages\/125\/revisions\/207"}],"wp:attachment":[{"href":"https:\/\/blog.chouynard.ca\/index.php?rest_route=%2Fwp%2Fv2%2Fmedia&parent=125"}],"curies":[{"name":"wp","href":"https:\/\/api.w.org\/{rel}","templated":true}]}}