{"id":181,"date":"2011-10-10T15:43:23","date_gmt":"2011-10-10T19:43:23","guid":{"rendered":"https:\/\/blog.chouynard.ca\/?page_id=181"},"modified":"2012-10-30T11:07:02","modified_gmt":"2012-10-30T15:07:02","slug":"photos-droits-rights-derechos","status":"publish","type":"page","link":"https:\/\/blog.chouynard.ca\/?page_id=181","title":{"rendered":"Photos (droits)"},"content":{"rendered":"<div id=\"attachment_34\" style=\"width: 950px\" class=\"wp-caption alignnone\"><a href=\"https:\/\/blog.chouynard.ca\/wp-content\/uploads\/2011\/09\/cropped-Ottcanal.jpg\"><img loading=\"lazy\" decoding=\"async\" aria-describedby=\"caption-attachment-34\" class=\"size-full wp-image-34\" title=\"cropped-Ottcanal.jpg\" src=\"https:\/\/blog.chouynard.ca\/wp-content\/uploads\/2011\/09\/cropped-Ottcanal.jpg\" alt=\"\" width=\"940\" height=\"198\" srcset=\"https:\/\/blog.chouynard.ca\/wp-content\/uploads\/2011\/09\/cropped-Ottcanal.jpg 940w, https:\/\/blog.chouynard.ca\/wp-content\/uploads\/2011\/09\/cropped-Ottcanal-300x63.jpg 300w\" sizes=\"auto, (max-width: 940px) 100vw, 940px\" \/><\/a><p id=\"caption-attachment-34\" class=\"wp-caption-text\">Canal Rideau; Ottawa<\/p><\/div>\n<p><strong>Sauf mention sp\u00e9cifique, les photographies sur <em>Chouynardises etc.<\/em> appartiennent au propri\u00e9taire du site et ne peuvent \u00eatre utilis\u00e9es sans mention de la source<\/strong><strong>\u00a0<\/strong>(https:\/\/blog.chouynard.ca).<\/p>\n<p>Dans la plupart des cas, des fichiers num\u00e9ris\u00e9s plus volumineux peuvent cependant \u00eatre obtenus, pour utilisation \u00e9ducationnelle, commerciale ou autre, en transmettant une demande d\u00e9taill\u00e9e via l&rsquo;espace des commentaires ci-apr\u00e8s (Reply).<\/p>\n<p>Il est \u00e0 noter qu&rsquo;un formulaire sera bient\u00f4t disponible pour ce type de requ\u00eate.<\/p>\n","protected":false},"excerpt":{"rendered":"<p>Sauf mention sp\u00e9cifique, les photographies sur Chouynardises etc. appartiennent au propri\u00e9taire du site et ne peuvent \u00eatre utilis\u00e9es sans mention de la source\u00a0(https:\/\/blog.chouynard.ca). Dans la plupart des cas, des fichiers num\u00e9ris\u00e9s plus volumineux peuvent cependant \u00eatre obtenus, pour utilisation \u00e9ducationnelle, &hellip; <a href=\"https:\/\/blog.chouynard.ca\/?page_id=181\">Continuer la lecture <span class=\"meta-nav\">&rarr;<\/span><\/a><\/p>\n","protected":false},"author":5,"featured_media":0,"parent":37,"menu_order":0,"comment_status":"open","ping_status":"open","template":"","meta":{"ngg_post_thumbnail":0,"footnotes":""},"class_list":["post-181","page","type-page","status-publish","hentry"],"_links":{"self":[{"href":"https:\/\/blog.chouynard.ca\/index.php?rest_route=\/wp\/v2\/pages\/181","targetHints":{"allow":["GET"]}}],"collection":[{"href":"https:\/\/blog.chouynard.ca\/index.php?rest_route=\/wp\/v2\/pages"}],"about":[{"href":"https:\/\/blog.chouynard.ca\/index.php?rest_route=\/wp\/v2\/types\/page"}],"author":[{"embeddable":true,"href":"https:\/\/blog.chouynard.ca\/index.php?rest_route=\/wp\/v2\/users\/5"}],"replies":[{"embeddable":true,"href":"https:\/\/blog.chouynard.ca\/index.php?rest_route=%2Fwp%2Fv2%2Fcomments&post=181"}],"version-history":[{"count":13,"href":"https:\/\/blog.chouynard.ca\/index.php?rest_route=\/wp\/v2\/pages\/181\/revisions"}],"predecessor-version":[{"id":275,"href":"https:\/\/blog.chouynard.ca\/index.php?rest_route=\/wp\/v2\/pages\/181\/revisions\/275"}],"up":[{"embeddable":true,"href":"https:\/\/blog.chouynard.ca\/index.php?rest_route=\/wp\/v2\/pages\/37"}],"wp:attachment":[{"href":"https:\/\/blog.chouynard.ca\/index.php?rest_route=%2Fwp%2Fv2%2Fmedia&parent=181"}],"curies":[{"name":"wp","href":"https:\/\/api.w.org\/{rel}","templated":true}]}}