{"id":278,"date":"2012-01-27T19:35:25","date_gmt":"2012-01-27T23:35:25","guid":{"rendered":"https:\/\/blog.chouynard.ca\/?page_id=278"},"modified":"2023-08-02T11:51:20","modified_gmt":"2023-08-02T15:51:20","slug":"canyon-sainte-anne-region-de-quebec-2011","status":"publish","type":"page","link":"https:\/\/blog.chouynard.ca\/?page_id=278","title":{"rendered":"Canyon Sainte-Anne &#8211; R\u00e9gion de Qu\u00e9bec &#8211;  2011"},"content":{"rendered":"<blockquote>\n<p style=\"text-align: center;\"><strong>Un endroit spectaculaire, qui<br \/>\n<\/strong><\/p>\n<p style=\"text-align: center;\"><strong>m\u00e9rite largement d&rsquo;\u00eatre d\u00e9couvert!<\/strong><\/p>\n<\/blockquote>\n<p>R\u00e9flexion spontan\u00e9e d&rsquo;un r\u00e9sident de longue date de la r\u00e9gion, qui avoue tristement ne l&rsquo;avoir fait qu&rsquo;en ao\u00fbt 2011.<\/p>\n<p>Situ\u00e9 le long de la rivi\u00e8re Sainte-Anne-du-Nord et tout pr\u00e8s de Sainte-Anne-de-Beaupr\u00e9, l&rsquo;acc\u00e8s au site, par la route 138, est ais\u00e9 et le stationnement vaste. Une aire r\u00e9cr\u00e9ative pour enfants et des tables de pique-niques sont disponibles pr\u00e8s des kiosques d&rsquo;acc\u00e8s.<\/p>\n<p><iframe loading=\"lazy\" src=\"http:\/\/maps.google.ca\/maps?oe=utf-8&amp;client=firefox-a&amp;ie=UTF8&amp;q=canyon+ste+anne&amp;fb=1&amp;gl=ca&amp;hq=canyon+ste+anne&amp;hnear=0x4cb8968a05db8893:0x8fc52d63f0e83a03,Qu%C3%A9bec,+QC&amp;cid=0,0,6884678901401297590&amp;ll=47.063764,-70.866387&amp;spn=0.006295,0.006295&amp;t=m&amp;vpsrc=6&amp;output=embed\" marginwidth=\"0\" marginheight=\"0\" scrolling=\"no\" width=\"425\" height=\"350\" frameborder=\"0\"><\/iframe><br \/>\n<small><a style=\"color: #0000ff; text-align: left;\" href=\"http:\/\/maps.google.ca\/maps?oe=utf-8&amp;client=firefox-a&amp;ie=UTF8&amp;q=canyon+ste+anne&amp;fb=1&amp;gl=ca&amp;hq=canyon+ste+anne&amp;hnear=0x4cb8968a05db8893:0x8fc52d63f0e83a03,Qu%C3%A9bec,+QC&amp;cid=0,0,6884678901401297590&amp;ll=47.063764,-70.866387&amp;spn=0.006295,0.006295&amp;t=m&amp;vpsrc=6&amp;source=embed\">Agrandir le plan<\/a><\/small><\/p>\n<p>Quelques dollars sont demand\u00e9s pour pouvoir entrer. On comprend vite que les am\u00e9nagements mis en place sur un tel domaine, ainsi que leur maintien, ne se fait pas sans ressources ad\u00e9quates.<\/p>\n<p>Un apr\u00e8s-midi, gaiement perdu en ces lieux exceptionnels, ne semble pas si co\u00fbteux. L&rsquo;endroit est en effet particuli\u00e8rement bien am\u00e9nag\u00e9 pour la visite p\u00e9destre, des pr\u00e9cautions d&rsquo;usages sont prises pour la s\u00e9curit\u00e9 des visiteurs et on se rend compte qu&rsquo;un entretien \u00e0 long terme est planifi\u00e9.<\/p>\n<p>La tourn\u00e9e d\u00e9bute en traversant la rivi\u00e8re sur le pont Mestachibo (d&rsquo;un mot Huron qui signifierait&nbsp;: \u00ab\u00a0L\u00e0 o\u00f9 coule la rivi\u00e8re\u00a0\u00bb.). C&rsquo;est un solide et large pont suspendu qui vibre \u00e0 peine&#8230;<\/p>\n<div id=\"attachment_327\" style=\"width: 650px\" class=\"wp-caption aligncenter\"><a href=\"https:\/\/blog.chouynard.ca\/wp-content\/uploads\/2012\/01\/IMG_8186.jpg\"><img loading=\"lazy\" decoding=\"async\" aria-describedby=\"caption-attachment-327\" class=\"size-large wp-image-327\" title=\"IMG_8186\" src=\"https:\/\/blog.chouynard.ca\/wp-content\/uploads\/2012\/01\/IMG_8186-1024x767.jpg\" alt=\"Pont Canyon\" width=\"640\" height=\"479\" srcset=\"https:\/\/blog.chouynard.ca\/wp-content\/uploads\/2012\/01\/IMG_8186-1024x767.jpg 1024w, https:\/\/blog.chouynard.ca\/wp-content\/uploads\/2012\/01\/IMG_8186-300x225.jpg 300w, https:\/\/blog.chouynard.ca\/wp-content\/uploads\/2012\/01\/IMG_8186.jpg 1648w\" sizes=\"auto, (max-width: 640px) 100vw, 640px\" \/><\/a><p id=\"caption-attachment-327\" class=\"wp-caption-text\">Pont Mestachibo<\/p><\/div>\n<p>D&rsquo;un c\u00f4t\u00e9, vers l&rsquo;amont, la rivi\u00e8re sort de la for\u00eat et se dirige en acc\u00e9l\u00e9rant son rythme vers le dessous du pont. De l&rsquo;autre, \u00e0 quelques dizaines de m\u00e8tres, la rivi\u00e8re rugit et s&rsquo;engouffre follement dans le vide de la chute.<\/p>\nngg_shortcode_0_placeholder\n<p>&nbsp;<\/p>\n<p>L&rsquo;eau, tout en haut, ressemble parfois \u00e0 un liquide couleur m\u00e9lasse alors que les tourbillons de couleur cr\u00e8me, aux multiples nuances brun\u00e2tres, se succ\u00e8dent sans faillir jusqu&rsquo;en bas.<\/p>\nngg_shortcode_1_placeholder\n<p>&nbsp;<\/p>\n<p>La grande chute d\u00e9vale avec fracas, en quelques paliers rocheux et encaiss\u00e9s, une d\u00e9nivellation totale de 74 m\u00e8tres (243 pieds environ pour les anciens).<\/p>\nngg_shortcode_2_placeholder\n<p>&nbsp;<\/p>\n<p>Plus loin de la chute, le circuit&nbsp; forestier est paisible et fort agr\u00e9able. De nombreux panneaux d&rsquo;interpr\u00e9tation multilingue jalonnent le circuit. D&rsquo;autres, plus modestes identifient les arbres et arbustes.<\/p>\nngg_shortcode_3_placeholder\n<p>&nbsp;<\/p>\n<p>Les visions de la chute, d&rsquo;un peu plus loin, offre le miracle d&rsquo;arcs-en-ciel quasi permanent.<\/p>\nngg_shortcode_4_placeholder\n<p>&nbsp;<\/p>\n<p>Soudain, apr\u00e8s un tournant, rencontre du coin des amateurs d&rsquo;\u00e9motions fortes. Une via ferrata, esp\u00e8ce de tyrolienne, transporte des audacieux et audacieuses d&rsquo;une rive \u00e0 l&rsquo;autre du ravin. La grande passerelle, voisine, tr\u00f4ne aussi \u00e0 60 m\u00e8tres au dessus de la rivi\u00e8re. Au loin, on en voit qui escaladent la paroi humide pr\u00e8s de la chute principale.<\/p>\nngg_shortcode_5_placeholder\n<p>&nbsp;<\/p>\n<p>En contrebas, apr\u00e8s une suite d&rsquo;escaliers susceptibles de d\u00e9courager quelques arthritiques s\u00e9v\u00e8res, une autre passerelle enjambe le mini-canyon et permet d&rsquo;acc\u00e9der \u00e0 un nouveau point d&rsquo;observation en contre plong\u00e9e par rapport \u00e0 la chute principale.<\/p>\nngg_shortcode_6_placeholder\n<p>&nbsp;<\/p>\n<p>En remontant on croise l&rsquo;endroit ou Cornelius Krieghoff a r\u00e9alis\u00e9 son St. Anne&rsquo;s Falls en 1859. L&rsquo;huile sur toile se trouve dans la collection Thompson au <a title=\"AGO\" href=\"http:\/\/www.ago.net\/agoid68826\" target=\"_blank\" rel=\"noopener\">Mus\u00e9e des beaux-arts de l&rsquo;Ontario<\/a> (AGO) :<\/p>\nngg_shortcode_7_placeholder\n<p>&nbsp;<\/p>\n<p>Malgr\u00e9 tout le respect qu&rsquo;on doit \u00e0 l&rsquo;artiste, la r\u00e9alit\u00e9 l&#8217;emporte sur l\u2019\u0153uvre!<\/p>\n<p>&nbsp;<\/p>\n<p>[youtube]http:\/\/youtu.be\/NyGO5o1Kj1s[\/youtube]<\/p>\n<p>Voir la <a href=\"https:\/\/www.youtube.com\/watch?v=NyGO5o1Kj1s\" data-wplink-edit=\"true\">vid\u00e9o<\/a><\/p>\n<p>Un autre visiteur historique du lieu, Henry D. Thoreau, penseur et \u00e9crivain antiesclavagiste am\u00e9ricain (1817-1862), a laiss\u00e9 quelques lignes au sujet de cet endroit dont&nbsp;:<\/p>\n<blockquote><p>\u00ab&nbsp;This precipice is not sloped, nor is the material soft and crumbling slate as at Montmorenci, but it rises perfectly perpendicular, like the side of a mountain fortress, and is cracked into vast cublical masses of gray and black rock shining with moisture, as if it were the ruin of an ancient wall built by Titans.\u00bb ( A Yankee in Canada, 1850, p. 51).<\/p><\/blockquote>\n<p>Les circuits pi\u00e9tonniers, ponts suspendues, belv\u00e9d\u00e8res et autres structures construites facilitent la circulation et aident \u00e0 profiter de l&rsquo;endroit. Mais c&rsquo;est ce magnifique et r\u00e9ellement grandiose environnement naturel qui est la vedette ici.<\/p>\n<p>Pour pr\u00e9parer sa visite de cet endroit aux parois rocheuses vieilles de 1,2 milliards d&rsquo;ann\u00e9es visitez les pages du <a title=\"Canyon Ste-Anne\" href=\"http:\/\/www.canyonsa.qc.ca\/\" target=\"_blank\" rel=\"noopener\">Canyon Ste-Anne<\/a>.<\/p>\n<p>&nbsp;<\/p>\n<div id=\"attachment_344\" style=\"width: 650px\" class=\"wp-caption aligncenter\"><a href=\"https:\/\/blog.chouynard.ca\/wp-content\/uploads\/2012\/01\/IMG_8273.jpg\"><img loading=\"lazy\" decoding=\"async\" aria-describedby=\"caption-attachment-344\" class=\"size-large wp-image-344\" title=\"IMG_8273\" src=\"https:\/\/blog.chouynard.ca\/wp-content\/uploads\/2012\/01\/IMG_8273-768x1024.jpg\" alt=\"\" width=\"640\" height=\"853\" srcset=\"https:\/\/blog.chouynard.ca\/wp-content\/uploads\/2012\/01\/IMG_8273-768x1024.jpg 768w, https:\/\/blog.chouynard.ca\/wp-content\/uploads\/2012\/01\/IMG_8273-225x300.jpg 225w, https:\/\/blog.chouynard.ca\/wp-content\/uploads\/2012\/01\/IMG_8273.jpg 1296w\" sizes=\"auto, (max-width: 640px) 100vw, 640px\" \/><\/a><p id=\"caption-attachment-344\" class=\"wp-caption-text\">Au canyon Ste-Anne<\/p><\/div>\n<p>Qu\u00e9bec, le 26 janvier 2012<\/p>\n<p>&nbsp;<\/p>\n<p>&nbsp;<\/p>\n<p>&nbsp;<\/p>\n<p>&nbsp;<\/p>\n","protected":false},"excerpt":{"rendered":"<p>Un endroit spectaculaire, qui m\u00e9rite largement d&rsquo;\u00eatre d\u00e9couvert! R\u00e9flexion spontan\u00e9e d&rsquo;un r\u00e9sident de longue date de la r\u00e9gion, qui avoue tristement ne l&rsquo;avoir fait qu&rsquo;en ao\u00fbt 2011. Situ\u00e9 le long de la rivi\u00e8re Sainte-Anne-du-Nord et tout pr\u00e8s de Sainte-Anne-de-Beaupr\u00e9, l&rsquo;acc\u00e8s &hellip; <a href=\"https:\/\/blog.chouynard.ca\/?page_id=278\">Continuer la lecture <span class=\"meta-nav\">&rarr;<\/span><\/a><\/p>\n","protected":false},"author":5,"featured_media":300,"parent":125,"menu_order":1,"comment_status":"open","ping_status":"open","template":"","meta":{"ngg_post_thumbnail":0,"footnotes":""},"class_list":["post-278","page","type-page","status-publish","has-post-thumbnail","hentry"],"_links":{"self":[{"href":"https:\/\/blog.chouynard.ca\/index.php?rest_route=\/wp\/v2\/pages\/278","targetHints":{"allow":["GET"]}}],"collection":[{"href":"https:\/\/blog.chouynard.ca\/index.php?rest_route=\/wp\/v2\/pages"}],"about":[{"href":"https:\/\/blog.chouynard.ca\/index.php?rest_route=\/wp\/v2\/types\/page"}],"author":[{"embeddable":true,"href":"https:\/\/blog.chouynard.ca\/index.php?rest_route=\/wp\/v2\/users\/5"}],"replies":[{"embeddable":true,"href":"https:\/\/blog.chouynard.ca\/index.php?rest_route=%2Fwp%2Fv2%2Fcomments&post=278"}],"version-history":[{"count":84,"href":"https:\/\/blog.chouynard.ca\/index.php?rest_route=\/wp\/v2\/pages\/278\/revisions"}],"predecessor-version":[{"id":3007,"href":"https:\/\/blog.chouynard.ca\/index.php?rest_route=\/wp\/v2\/pages\/278\/revisions\/3007"}],"up":[{"embeddable":true,"href":"https:\/\/blog.chouynard.ca\/index.php?rest_route=\/wp\/v2\/pages\/125"}],"wp:featuredmedia":[{"embeddable":true,"href":"https:\/\/blog.chouynard.ca\/index.php?rest_route=\/wp\/v2\/media\/300"}],"wp:attachment":[{"href":"https:\/\/blog.chouynard.ca\/index.php?rest_route=%2Fwp%2Fv2%2Fmedia&parent=278"}],"curies":[{"name":"wp","href":"https:\/\/api.w.org\/{rel}","templated":true}]}}