{"id":865,"date":"2012-10-03T16:00:57","date_gmt":"2012-10-03T20:00:57","guid":{"rendered":"https:\/\/blog.chouynard.ca\/?page_id=865"},"modified":"2012-10-03T16:02:42","modified_gmt":"2012-10-03T20:02:42","slug":"quebec-2-promenade-champlain-octobre-2012","status":"publish","type":"page","link":"https:\/\/blog.chouynard.ca\/?page_id=865","title":{"rendered":"Qu\u00e9bec 2 &#8211; Promenade Champlain &#8211; octobre 2012"},"content":{"rendered":"<p>En ce matin du 3 octobre, une promenade sur la Promenade.<\/p>\n<p>Il fait un peu frisquet, plein de brouillard sur le fleuve, mais on sent que le soleil veut poindre. Fl\u00fbte!\u00a0 je n&rsquo;ai pas ma cam\u00e9ra. Qu&rsquo;\u00e0 cela ne tienne, je vais quand m\u00eame prendre quelques clich\u00e9s avec mon iPod. Enjoy, as I did!<\/p>\nngg_shortcode_0_placeholder\n<p>&nbsp;<\/p>\n","protected":false},"excerpt":{"rendered":"<p>En ce matin du 3 octobre, une promenade sur la Promenade. Il fait un peu frisquet, plein de brouillard sur le fleuve, mais on sent que le soleil veut poindre. Fl\u00fbte!\u00a0 je n&rsquo;ai pas ma cam\u00e9ra. Qu&rsquo;\u00e0 cela ne tienne, &hellip; <a href=\"https:\/\/blog.chouynard.ca\/?page_id=865\">Continuer la lecture <span class=\"meta-nav\">&rarr;<\/span><\/a><\/p>\n","protected":false},"author":4,"featured_media":0,"parent":125,"menu_order":0,"comment_status":"open","ping_status":"open","template":"","meta":{"ngg_post_thumbnail":0,"footnotes":""},"class_list":["post-865","page","type-page","status-publish","hentry"],"_links":{"self":[{"href":"https:\/\/blog.chouynard.ca\/index.php?rest_route=\/wp\/v2\/pages\/865","targetHints":{"allow":["GET"]}}],"collection":[{"href":"https:\/\/blog.chouynard.ca\/index.php?rest_route=\/wp\/v2\/pages"}],"about":[{"href":"https:\/\/blog.chouynard.ca\/index.php?rest_route=\/wp\/v2\/types\/page"}],"author":[{"embeddable":true,"href":"https:\/\/blog.chouynard.ca\/index.php?rest_route=\/wp\/v2\/users\/4"}],"replies":[{"embeddable":true,"href":"https:\/\/blog.chouynard.ca\/index.php?rest_route=%2Fwp%2Fv2%2Fcomments&post=865"}],"version-history":[{"count":12,"href":"https:\/\/blog.chouynard.ca\/index.php?rest_route=\/wp\/v2\/pages\/865\/revisions"}],"predecessor-version":[{"id":881,"href":"https:\/\/blog.chouynard.ca\/index.php?rest_route=\/wp\/v2\/pages\/865\/revisions\/881"}],"up":[{"embeddable":true,"href":"https:\/\/blog.chouynard.ca\/index.php?rest_route=\/wp\/v2\/pages\/125"}],"wp:attachment":[{"href":"https:\/\/blog.chouynard.ca\/index.php?rest_route=%2Fwp%2Fv2%2Fmedia&parent=865"}],"curies":[{"name":"wp","href":"https:\/\/api.w.org\/{rel}","templated":true}]}}